{"id":14651,"date":"2023-08-08T00:21:07","date_gmt":"2023-08-07T22:21:07","guid":{"rendered":"https:\/\/ravelinen.dk\/guest-quotes\/"},"modified":"2025-12-16T20:01:15","modified_gmt":"2025-12-16T19:01:15","slug":"guest-quotes","status":"publish","type":"page","link":"https:\/\/ravelinen.dk\/en\/guest-quotes\/","title":{"rendered":"Guest Quotes"},"content":{"rendered":"\n\n\t\t\t\t\t\t\t\t\t\t<p>Endnu en dejlig frokost p\u00e5 Ravelinen. Tak for mad !<\/p>\n\t\t\t\t\t\t\t\t\t<h3>27. april 2025<\/h3>\n\t\t\t\t\t\t\t\t\t\t<p>Fantastisk &#8211; s\u00f8d betjening.<\/p>\n\t\t\t\t\t\t\t\t\t<h3>27. april 2025<\/h3>\n\t\t\t\t\t\t\t\t\t\t<p>S\u00f8d im\u00f8dekommende betjening, fleksibel bookning. Kommer gerne igen!<\/p>\n\t\t\t\t\t\t\t\t\t<h3>25. april 2025<\/h3>\n\t\t\t\t\t\t\t\t\t\t<p>Det har v\u00e6ret en super god forn\u00f8jelse, tak for idag!<\/p>\n\t\t\t\t\t\t\t\t\t<h3>25. april 2025<\/h3>\n\t\t\t\t\t\t\t\t\t\t<p>Som s\u00e6dvanlig dejligt !<\/p>\n\t\t\t\t\t\t\t\t\t<h3>25. april 2025<\/h3>\n\t\t\t\t\t\t\t\t\t\t<p>L\u00e6kker mad &#8211; kanon betjening:-)<\/p>\n\t\t\t\t\t\t\t\t\t<h3>24. april 2025<\/h3>\n\t\t\t\t\t\t\t\t\t\t<p>Elsker jeres mad, service og lokation. Tak for en god dag.<\/p>\n\t\t\t\t\t\t\t\t\t<h3>18. april 2025<\/h3>\n\t\t\t\t\t\t\t\t\t\t<p>Meget meget l\u00e6kker mad. H\u00f8j kvalitet og god og professionel betjening. Gl\u00e6der mig allerede til jeg skal forbi igen!<\/p>\n\t\t\t\t\t\t\t\t\t<h3>18. april 2025<\/h3>\n\t\t\t\t\t\t\t\t\t\t<p>Igen, pragtfuld mad, men de 2 tjener der var p\u00e5 arbejde mens vi var der, var mere en fantastiske. De var simpelthen s\u00e5 service minded og fik os til at f\u00f8le os mere en velkommen&#8230;!<\/p>\n\t\t\t\t\t\t\t\t\t<h3>18. april 2025<\/h3>\n\t\t\t\t\t\t\t\t\t\t<p>Pr\u00e6cis som vi havde forventet &#8211; dejlig mad, SUPER betjening!<\/p>\n\t\t\t\t\t\t\t\t\t<h3>17. april 2025<\/h3>\n\t\t\t\t\t\t\t\t\t\t<p>Tak for en dejlig frokost &#8211; vi kommer igen !<\/p>\n\t\t\t\t\t\t\t\t\t<h3>17. april 2025<\/h3>\n\t\t\t\t\t\t\t\t\t\t<p>Som altid &#8211; det sk\u00f8nneste sted &#8211; den bedste betjening og Aller dejligste mad. Og min g\u00e6st, som aldrig har v\u00e6ret p\u00e5 Ravelinen var TOP-begejstret.<\/p>\n\t\t\t\t\t\t\t\t\t<h3>13. april 2025<\/h3>\n\t\t\t\t\t\t\t\t\t\t<p>Fantastisk v\u00e6rtskab ved Preben &#8211; vi kommer helt sikkert igen og anbefaler til alle jeg kender \ud83d\ude42<\/p>\n\t\t\t\t\t\t\t\t\t<h3>9. april 2025 <\/h3>\n\t\t\t\t\t\t\t\t\t\t<p>Super dejlig oplevelse &#8211; s\u00f8d betjening. Vi kommer igen .<\/p>\n\t\t\t\t\t\t\t\t\t<h3>9. april 2025<\/h3>\n\t\t\t\t\t\t\t\t\t\t<p>Alt var fornemt. P\u00e5 gensyn!<\/p>\n\t\t\t\t\t\t\t\t\t<h3>9. april 2025 <\/h3>\n\t\t\t\t\t\t\t\t\t\t<p>Perfekt sted for den smagfulde og hyggelige oplevelse &#8211; tak for jer \ud83d\ude42<\/p>\n\t\t\t\t\t\t\t\t\t<h3>5. april 2025 <\/h3>\n\t\t\t\t\t\t\t\t\t\t<p>Dejlige omgivelser, super betjening og god mad. Vi gl\u00e6der os til at komme igen \ud83d\ude42<\/p>\n\t\t\t\t\t\t\t\t\t<h3>3. april 2025<\/h3>\n\t\t\t\t\t\t\t\t\t\t<p>Det var virkeligt godt! Stor tak til tjeneren &#8211; herlig gut. Og hvidvinen fra Argentina fik n\u00e6rmest min hustru i ekstase. Alt var godt. Vi ses igen.<\/p>\n\t\t\t\t\t\t\t\t\t<h3>2. april 2025<\/h3>\n\t\t\t\t\t\t\t\t\t\t<p>Sk\u00f8nt vellavet mad af h\u00f8j klasse. Dejlig professionel betjening. Kan st\u00e6rkt anbefales!<\/p>\n\t\t\t\t\t\t\t\t\t<h3>2. april 2025<\/h3>\n\t\t\t\t\t\t\t\t\t\t<p>Vi havde en dejlig aften. Maden var meget god og det var ordentlige portioner, som man blev m\u00e6t af !<\/p>\n\t\t\t\t\t\t\t\t\t<h3>29. marts 2025<\/h3>\n\t\t\t\t\t\t\t\t\t\t<p>Overordentligt tilfredsstillende alt sammen.<\/p>\n\t\t\t\t\t\t\t\t\t<h3>29. marts 2025<\/h3>\n\t\t\t\t\t\t\t\t\t\t<p>Fremragende oplevelse som det plejer at v\u00e6re. Betjening og mad er i top!<\/p>\n\t\t\t\t\t\t\t\t\t<h3>27. marts 2025<\/h3>\n\t\t\t\t\t\t\t\t\t\t<p>Altid en forn\u00f8jelse \ud83d\ude42<\/p>\n\t\t\t\t\t\t\t\t\t<h3>25. marts 2025<\/h3>\n\t\t\t\t\t\t\t\t\t\t<p>Dejlig betjening, fantastisk mad. Meget positivt overrasket \ud83d\ude42<\/p>\n\t\t\t\t\t\t\t\t\t<h3>22. marts 2025<\/h3>\n\t\t\t\t\t\t\t\t\t\t<p>Dejlige lokaler, god udsigt, dejlig mad og virkelig god betjening!<\/p>\n\t\t\t\t\t\t\t\t\t<h3>22. marts 2025<\/h3>\n\t\t\t\t\t\t\t\t\t\t<p>Vi havde en fantastisk god julefrokost, dejlig mad og virkelig god service! Det er bestemt ikke sidste gang vi bes\u00f8ger jer.<\/p>\n\t\t\t\t\t\t\t\t\t<h3>26. december 2024<\/h3>\n\t\t\t\t\t\t\t\t\t\t<p>Fuldst\u00e6ndig FANTASTISK!<\/p>\n\t\t\t\t\t\t\t\t\t<h3>26. december 2024<\/h3>\n\t\t\t\t\t\t\t\t\t\t<p>Christmas lunch &#8211; everything perfect \ud83d\ude42<\/p>\n\t\t\t\t\t\t\t\t\t<h3>26. december 2024<\/h3>\n\t\t\t\t\t\t\t\t\t\t<p>I laver sk\u00f8n mad og har den bedste service!<\/p>\n\t\t\t\t\t\t\t\t\t<h3>25. december 2024<\/h3>\n\t\t\t\t\t\t\t\t\t\t<p>Excellent food. Friendly staff. Would definitely recommend!<\/p>\n\t\t\t\t\t\t\t\t\t<h3>25. december 2024<\/h3>\n\t\t\t\t\t\t\t\t\t\t<p>Excellent all round<\/p>\n\t\t\t\t\t\t\t\t\t<h3>25. december 2024<\/h3>\n\t\t\t\t\t\t\t\t\t\t<p>&#8220;Super professionel betjening med glimt i \u00f8jet, smagsfuldt og velanrettet mad samt dejlig \u00f8l. Fuld valuta for pengene.&#8221;<\/p>\n\t\t\t\t\t\t\t\t\t<h3>29\/10-2022<\/h3>\n\t\t\t\t\t\t\t\t\t\t<p>&#8220;Vi er kommet hos jer i adskillige \u00e5r, og det er mindst lige godt hver gang. I g\u00f8r det godt, og vi kommer gerne igen, ret snart.&#8221;<\/p>\n\t\t\t\t\t\t\t\t\t<h3>10\/11-2022<\/h3>\n\t\t\t\t\t\t\t\t\t\t<p>&#8220;S\u00e5 hyggeligt bes\u00f8g &#8211; maden var dejlig, smagte sk\u00f8nt og det var tydeligt at alt var hjemmelavet. Vi kommer helt sikkert igen.&#8221;<\/p>\n\t\t\t\t\t\t\t\t\t<h3>12\/11-2022<\/h3>\n\t\t\t\t\t\t\t\t\t\t<p>&#8220;Julemad som julemad skal v\u00e6re og af h\u00f8j kvalitet. Kan virkelig anbefales.&#8221;<\/p>\n\t\t\t\t\t\t\t\t\t<h3>16\/11-2022<\/h3>\n\t\t\t\t\t\t\t\t\t\t<p>&#8220;Vores mandlige tjener gjorde det rigtig godt. Han vidste pr\u00e6cis, hvordan han skulle dosere sin tilstedev\u00e6relse.&#8221;<\/p>\n\t\t\t\t\t\t\t\t\t<h3>18\/11-2022<\/h3>\n\t\t\t\t\t\t\t\t\t\t<p>&#8220;Dejligt og stemningsfuldt &#8211; maden i topklasse, og betjeningen i top?&#8221;<\/p>\n\t\t\t\t\t\t\t\t\t<h3>17\/7-2023<\/h3>\n\t\t\t\t\t\t\t\t\t\t<p>&#8220;Det er ganske enkelt et fantastisk sted, smukke omgivelser b\u00e5de vinter og sommer, god service og maden er uds\u00f8gt.&#8221;<\/p>\n\t\t\t\t\t\t\t\t\t<h3>23\/6-2023<\/h3>\n\t\t\t\t\t\t\t\t\t\t<p>&#8220;God mad, god service, man f\u00f8ler sig velkommen.&#8221;<\/p>\n\t\t\t\t\t\t\t\t\t<h3>23\/6-2023<\/h3>\n\t\t\t\t\t\t\t\t\t\t<p>&#8220;Fantastisk, igen, igen. Som Preben Brink skriver \u00f8verst p\u00e5 f\u00f8rste side i menukortet, \u00f8nsker I, at g\u00e6ster kommer igen, igen og igen. Ja tak, jeg er helt enig. Det g\u00f8r vi.&#8221;<\/p>\n\t\t\t\t\t\t\t\t\t<h3>23\/6-2023<\/h3>\n\t\t\t\t\t\t\t\t\t\t<p>&#8220;Det hele var langt over forventning &#8211; super!&#8221;<\/p>\n\t\t\t\t\t\t\t\t\t<h3>25\/6-2023<\/h3>\n\t\t\t\t\t\t\t\t\t\t<p>&#8220;Vi elsker at komme hos jer.&#8221;<\/p>\n\t\t\t\t\t\t\t\t\t<h3>27\/6-2023<\/h3>\n\t\t\t\t\t\t\t\t\t\t<p>&#8220;Beautiful restaurant with a fantastic view and great food. Already recommended it to my father and they are visiting too.&#8221;<\/p>\n\t\t\t\t\t\t\t\t\t<h3>3\/7-2023<\/h3>\n\t\t\t\t\t\t\t\t\t\t<p>&#8220;Maden var fuldst\u00e6ndig fantastisk! Og betjeningen liges\u00e5!&#8221;<\/p>\n\t\t\t\t\t\t\t\t\t<h3>5\/7-2023<\/h3>\n\t\t\t\t\t\t\t\t\t\t<p>&#8220;Dejlig oplevelse med god mad og super god service?&#8221;<\/p>\n\t\t\t\t\t\t\t\t\t<h3>5\/7-2023<\/h3>\n\t\t\t\t\t\t\t\t\t\t<p>&#8220;Fremragende service og mad &#8211; som altid!&#8221;<\/p>\n\t\t\t\t\t\t\t\t\t<h3>6\/7-2023<\/h3>\n\t\t\t\t\t\t\t\t\t\t<p>&#8220;Alt spillede perfekt. Veltilberedte, velsmagende retter og en tryg og kompetent betjening. Vi kommer absolut igen!&#8221;<\/p>\n\t\t\t\t\t\t\t\t\t<h3>7\/7-2023<\/h3>\n\t\t\t\t\t\t\t\t\t\t<p>&#8220;Perfekt tjener, og rigtig dejlig mad!&#8221;<\/p>\n\t\t\t\t\t\t\t\t\t<h3>7\/7-2023<\/h3>\n\t\t\t\t\t\t\t\t\t\t<p>&#8220;Very pleasant, the stuff was very friendly and the food extraordinary! Thank you for this experience.&#8221;<\/p>\n\t\t\t\t\t\t\t\t\t<h3>8\/7-2023<\/h3>\n\t\t\t\t\t\t\t\t\t\t<p>&#8220;Alt var som altid helt i top. Vi kommer igen!&#8221;<\/p>\n\t\t\t\t\t\t\t\t\t<h3>9\/7-23<\/h3>\n\t\t\t\t\t\t\t\t\t\t<p>&#8220;The ambiance, setting and food dishes were all 5&#8217;s. Ole made our dinner a 10. TX so much.&#8221;<\/p>\n\t\t\t\t\t\t\t\t\t<h3>10\/7-2023<\/h3>\n\t\t\t\t\t\t\t\t\t\t<p>&#8220;Jeg er vild med omgivelserne og sm\u00f8rrebr\u00f8det var godt. Kommer helt sikkert igen og vil anbefale Ravelinen til andre.&#8221;<\/p>\n\t\t\t\t\t\t\t\t\t<h3>11\/7-2023<\/h3>\n\t\t\t\t\t\t\t\t\t\t<p>&#8220;Vi havde bare den s\u00f8deste tjener, og maden var bare super l\u00e6kker. Det er altid en forn\u00f8jelse at komme p\u00e5 Ravelinen.&#8221;<\/p>\n\t\t\t\t\t\t\t\t\t<h3>15\/-2023<\/h3>\n\t\t\t\t\t\t\t\t\t\t<p>&#8220;Absolut bedste wienerschnitzel ever.&#8221;<\/p>\n\t\t\t\t\t\t\t\t\t<h3>15\/7-2023<\/h3>\n\t\t\t\t\t\t\t\t\t\t<p>&#8220;Elsker Ravelinen!!!&#8221;<\/p>\n\t\t\t\t\t\t\t\t\t<h3>17\/7-2023<\/h3>\n\t\t\t\t\t\t\t\t\t\t<p>&#8220;Vi havde en rigtig dejlig dag i sk\u00f8nne omgivelser og dejlig mad og ikke mindst super betjening.&#8221;<\/p>\n\t\t\t\t\t\t\t\t\t<h3>20\/7-2023<\/h3>\n\t\t\t\t\t\t\t\t\t\t<p>&#8220;Dejligt bes\u00f8g, super fin betjening.&#8221;<\/p>\n\t\t\t\t\t\t\t\t\t<h3>21\/7-2023<\/h3>\n\t\t\t\t\t\t\t\t\t\t<p>&#8220;Igen en dejlig oplevelse.&#8221;<\/p>\n\t\t\t\t\t\t\t\t\t<h3>20\/7-2023<\/h3>\n\t\t\t\t\t\t\t\t\t\t<p>&#8220;Det var en forn\u00f8jelse, dejlig mad samt god og opm\u00e6rksom betjening.&#8221;<\/p>\n\t\t\t\t\t\t\t\t\t<h3>21\/7-2023<\/h3>\n\t\t\t\t\t\t\t\t\t\t<p>&#8220;Det er som at tr\u00e6de ind i P.S. Kr\u00f8yers Hip Hip Hurra maleri med den gode stemning og de gr\u00f8nne omgivelser og dejlige mad og drikke.&#8221;<\/p>\n\t\t\t\t\t\t\t\t\t<h3>22\/7-2023<\/h3>\n\t\t\t\t\t\t\t\t\t\t<p>&#8220;Ravelinen er \u00e9n af byens oaser. Betjening er fuldst\u00e6ndig i top, maden er S\u00c5 god og udsigten over s\u00f8en! Tror nok vi ses.&#8221;<\/p>\n\t\t\t\t\t\t\t\t\t<h3>22\/7-2023<\/h3>\n\t\t\t\t\t\t\t\t\t\t<p>&#8220;Food was simply amazing and the service was the best.&#8221;<\/p>\n\t\t\t\t\t\t\t\t\t<h3>23\/7-2023<\/h3>\n\t\t\t\t\t\t\t\t\t\t<p>&#8220;Fantastisk sted midt i K\u00f8benhavn med sk\u00f8n udsigt.&#8221;<\/p>\n\t\t\t\t\t\t\t\t\t<h3>24\/7-2023<\/h3>\n\t<!-- \/.pp-testimonials -->\n\n","protected":false},"excerpt":{"rendered":"<p>Endnu en dejlig frokost p\u00e5 Ravelinen. Tak for mad ! 27. april 2025 Fantastisk &#8211; s\u00f8d betjening. 27. april 2025 S\u00f8d im\u00f8dekommende betjening, fleksibel bookning. Kommer gerne igen! 25. april 2025 Det har v\u00e6ret en super god forn\u00f8jelse, tak for idag! 25. april 2025 Som s\u00e6dvanlig dejligt ! 25. april 2025 L\u00e6kker mad &#8211; kanon [&hellip;]<\/p>\n","protected":false},"author":1,"featured_media":0,"parent":0,"menu_order":0,"comment_status":"closed","ping_status":"closed","template":"","meta":{"site-sidebar-layout":"no-sidebar","site-content-layout":"plain-container","ast-site-content-layout":"normal-width-container","site-content-style":"unboxed","site-sidebar-style":"unboxed","ast-global-header-display":"","ast-banner-title-visibility":"","ast-main-header-display":"","ast-hfb-above-header-display":"","ast-hfb-below-header-display":"","ast-hfb-mobile-header-display":"","site-post-title":"","ast-breadcrumbs-content":"","ast-featured-img":"","footer-sml-layout":"","ast-disable-related-posts":"","theme-transparent-header-meta":"default","adv-header-id-meta":"","stick-header-meta":"","header-above-stick-meta":"","header-main-stick-meta":"","header-below-stick-meta":"","astra-migrate-meta-layouts":"default","ast-page-background-enabled":"default","ast-page-background-meta":{"desktop":{"background-color":"","background-image":"","background-repeat":"repeat","background-position":"center center","background-size":"auto","background-attachment":"scroll","background-type":"","background-media":"","overlay-type":"","overlay-color":"","overlay-opacity":"","overlay-gradient":""},"tablet":{"background-color":"","background-image":"","background-repeat":"repeat","background-position":"center center","background-size":"auto","background-attachment":"scroll","background-type":"","background-media":"","overlay-type":"","overlay-color":"","overlay-opacity":"","overlay-gradient":""},"mobile":{"background-color":"","background-image":"","background-repeat":"repeat","background-position":"center center","background-size":"auto","background-attachment":"scroll","background-type":"","background-media":"","overlay-type":"","overlay-color":"","overlay-opacity":"","overlay-gradient":""}},"ast-content-background-meta":{"desktop":{"background-color":"var(--ast-global-color-5)","background-image":"","background-repeat":"repeat","background-position":"center center","background-size":"auto","background-attachment":"scroll","background-type":"","background-media":"","overlay-type":"","overlay-color":"","overlay-opacity":"","overlay-gradient":""},"tablet":{"background-color":"var(--ast-global-color-5)","background-image":"","background-repeat":"repeat","background-position":"center center","background-size":"auto","background-attachment":"scroll","background-type":"","background-media":"","overlay-type":"","overlay-color":"","overlay-opacity":"","overlay-gradient":""},"mobile":{"background-color":"var(--ast-global-color-5)","background-image":"","background-repeat":"repeat","background-position":"center center","background-size":"auto","background-attachment":"scroll","background-type":"","background-media":"","overlay-type":"","overlay-color":"","overlay-opacity":"","overlay-gradient":""}},"footnotes":""},"class_list":["post-14651","page","type-page","status-publish","hentry"],"_links":{"self":[{"href":"https:\/\/ravelinen.dk\/en\/wp-json\/wp\/v2\/pages\/14651","targetHints":{"allow":["GET"]}}],"collection":[{"href":"https:\/\/ravelinen.dk\/en\/wp-json\/wp\/v2\/pages"}],"about":[{"href":"https:\/\/ravelinen.dk\/en\/wp-json\/wp\/v2\/types\/page"}],"author":[{"embeddable":true,"href":"https:\/\/ravelinen.dk\/en\/wp-json\/wp\/v2\/users\/1"}],"replies":[{"embeddable":true,"href":"https:\/\/ravelinen.dk\/en\/wp-json\/wp\/v2\/comments?post=14651"}],"version-history":[{"count":3,"href":"https:\/\/ravelinen.dk\/en\/wp-json\/wp\/v2\/pages\/14651\/revisions"}],"predecessor-version":[{"id":14676,"href":"https:\/\/ravelinen.dk\/en\/wp-json\/wp\/v2\/pages\/14651\/revisions\/14676"}],"wp:attachment":[{"href":"https:\/\/ravelinen.dk\/en\/wp-json\/wp\/v2\/media?parent=14651"}],"curies":[{"name":"wp","href":"https:\/\/api.w.org\/{rel}","templated":true}]}}