{"id":19672,"date":"2026-02-18T10:06:34","date_gmt":"2026-02-18T09:06:34","guid":{"rendered":"https:\/\/ravelinen.dk\/?post_type=product&#038;p=19672"},"modified":"2026-02-28T22:02:57","modified_gmt":"2026-02-28T21:02:57","slug":"ravelinens-opening-party","status":"publish","type":"product","link":"https:\/\/ravelinen.dk\/en\/vare\/ravelinens-opening-party\/","title":{"rendered":"Ravelinens Opening Party 20th March"},"content":{"rendered":"<p class=\"p1\"><b>Friday, March 20th, 2026<br \/>\n<\/b><b><\/b>\u2013 with arrival between 12:00 PM \u2013 2:00 PM<br \/>\n\u2013 and we will welcome you with a glass of bubbly \ud83e\udd42\ud83c\udf89<\/p>\n<h3><b>The Menu \u2013 The Grand Danish Cold Table:<\/b><\/h3>\n<p class=\"p2\">\u00b7 Bornholm curried herring with crisp apple, soft-boiled egg and dill<br \/>\n\u00b7 Christians\u00f8 \u201cPigens\u201d spiced herring with airy horseradish cr\u00e8me fra\u00eeche<br \/>\n\u00b7 Fried herring with mustard, dill, lightly creamed potatoes with chives and radishes<br \/>\n\u00b7 Freshly breaded plaice fillet with coarse remoulade, dill and lemon<br \/>\n\u00b7 Smoked Faroese salmon with warm scrambled eggs, chives and Jerusalem artichoke chips<br \/>\n\u00b7 Chicken salad made from Rokkedahl chicken with green asparagus and pancetta bacon<br \/>\n\u00b7 Traditional Danish liver p\u00e2t\u00e9 with bacon, saut\u00e9ed mushrooms, pickled beetroot and cucumber salad<br \/>\n\u00b7 Danish roast pork with crispy crackling, apple-marinated red cabbage and cucumber salad<br \/>\n\u00b7 Two regional Danish cheeses, honey-pickled walnuts from our own beehive, and crispbread<\/p>\n<p class=\"p1\"><b>Price per person for The Grand Cold Table: 538 dk.<\/b><b><\/b><\/p>\n<p class=\"p2\">\u2013 beverages can be ordered separately on the day according to your preference.<\/p>\n<hr \/>\n<h3><b>Entertainment<\/b><\/h3>\n<p class=\"p2\">For this special occasion, our little house orchestra will provide wonderful live music, with a few special features throughout the day.<br \/>\nWe look forward to welcoming you to the opening of our 33rd season with delicious food and memorable experiences \ud83d\ude4f<br \/>\nWith our warmest regards \u263a\ufe0f<\/p>\n<p class=\"p1\"><b>Preben<\/b><b><\/b><\/p>\n<hr \/>\n<h3><b>Practical Information<\/b><\/h3>\n<p class=\"p2\">You will receive a table confirmation from us afterwards.<br \/>\nTickets sold are non-refundable under any circumstances.<br \/>\nPlease note: Changes to the event may occur.<\/p>\n","protected":false},"excerpt":{"rendered":"<p>Ravelinen\u2019s Opening Party<br \/>\nFriday 20th. Marts 2026<\/p>\n","protected":false},"featured_media":19671,"comment_status":"closed","ping_status":"closed","template":"","meta":{"site-sidebar-layout":"default","site-content-layout":"default","ast-site-content-layout":"default","site-content-style":"default","site-sidebar-style":"default","ast-global-header-display":"","ast-banner-title-visibility":"","ast-main-header-display":"","ast-hfb-above-header-display":"","ast-hfb-below-header-display":"","ast-hfb-mobile-header-display":"","site-post-title":"","ast-breadcrumbs-content":"","ast-featured-img":"","footer-sml-layout":"","ast-disable-related-posts":"","theme-transparent-header-meta":"default","adv-header-id-meta":"","stick-header-meta":"","header-above-stick-meta":"","header-main-stick-meta":"","header-below-stick-meta":"","astra-migrate-meta-layouts":"set","ast-page-background-enabled":"default","ast-page-background-meta":{"desktop":{"background-color":"","background-image":"","background-repeat":"repeat","background-position":"center center","background-size":"auto","background-attachment":"scroll","background-type":"","background-media":"","overlay-type":"","overlay-color":"","overlay-opacity":"","overlay-gradient":""},"tablet":{"background-color":"","background-image":"","background-repeat":"repeat","background-position":"center center","background-size":"auto","background-attachment":"scroll","background-type":"","background-media":"","overlay-type":"","overlay-color":"","overlay-opacity":"","overlay-gradient":""},"mobile":{"background-color":"","background-image":"","background-repeat":"repeat","background-position":"center center","background-size":"auto","background-attachment":"scroll","background-type":"","background-media":"","overlay-type":"","overlay-color":"","overlay-opacity":"","overlay-gradient":""}},"ast-content-background-meta":{"desktop":{"background-color":"var(--ast-global-color-5)","background-image":"","background-repeat":"repeat","background-position":"center center","background-size":"auto","background-attachment":"scroll","background-type":"","background-media":"","overlay-type":"","overlay-color":"","overlay-opacity":"","overlay-gradient":""},"tablet":{"background-color":"var(--ast-global-color-5)","background-image":"","background-repeat":"repeat","background-position":"center center","background-size":"auto","background-attachment":"scroll","background-type":"","background-media":"","overlay-type":"","overlay-color":"","overlay-opacity":"","overlay-gradient":""},"mobile":{"background-color":"var(--ast-global-color-5)","background-image":"","background-repeat":"repeat","background-position":"center center","background-size":"auto","background-attachment":"scroll","background-type":"","background-media":"","overlay-type":"","overlay-color":"","overlay-opacity":"","overlay-gradient":""}},"wds_primary_product_brand":0,"wds_primary_product_cat":0},"product_brand":[],"product_cat":[36],"product_tag":[],"class_list":{"0":"post-19672","1":"product","2":"type-product","3":"status-publish","4":"has-post-thumbnail","6":"product_cat-menu","7":"desktop-align-left","8":"tablet-align-left","9":"mobile-align-left","11":"first","12":"instock","13":"virtual","14":"taxable","15":"purchasable","16":"product-type-simple"},"_links":{"self":[{"href":"https:\/\/ravelinen.dk\/en\/wp-json\/wp\/v2\/product\/19672","targetHints":{"allow":["GET"]}}],"collection":[{"href":"https:\/\/ravelinen.dk\/en\/wp-json\/wp\/v2\/product"}],"about":[{"href":"https:\/\/ravelinen.dk\/en\/wp-json\/wp\/v2\/types\/product"}],"replies":[{"embeddable":true,"href":"https:\/\/ravelinen.dk\/en\/wp-json\/wp\/v2\/comments?post=19672"}],"wp:featuredmedia":[{"embeddable":true,"href":"https:\/\/ravelinen.dk\/en\/wp-json\/wp\/v2\/media\/19671"}],"wp:attachment":[{"href":"https:\/\/ravelinen.dk\/en\/wp-json\/wp\/v2\/media?parent=19672"}],"wp:term":[{"taxonomy":"product_brand","embeddable":true,"href":"https:\/\/ravelinen.dk\/en\/wp-json\/wp\/v2\/product_brand?post=19672"},{"taxonomy":"product_cat","embeddable":true,"href":"https:\/\/ravelinen.dk\/en\/wp-json\/wp\/v2\/product_cat?post=19672"},{"taxonomy":"product_tag","embeddable":true,"href":"https:\/\/ravelinen.dk\/en\/wp-json\/wp\/v2\/product_tag?post=19672"}],"curies":[{"name":"wp","href":"https:\/\/api.w.org\/{rel}","templated":true}]}}